{"id":92,"date":"2012-04-20T16:01:04","date_gmt":"2012-04-20T16:01:04","guid":{"rendered":"http:\/\/ericregent.com\/?page_id=92"},"modified":"2022-05-15T15:56:19","modified_gmt":"2022-05-15T15:56:19","slug":"contact-tarifs","status":"publish","type":"page","link":"https:\/\/ericregent.com\/?page_id=92","title":{"rendered":"Contact"},"content":{"rendered":"<p><strong>Cabinet \u00e0 mon domicile<\/strong> : 224 all\u00e9e des m\u00e9sanges, 38330 St ISMIER<\/p>\n<p><strong>Itin\u00e9raire<\/strong> : Tout proche du Lyc\u00e9e Horticole de St Ismier.<br \/>\nAutoroute Grenoble-Chamb\u00e9ry sortie 25 =&gt; \u00e0 3mn selon plan (lien \u00e0 droite).<\/p>\n<p><strong>Stationnement<\/strong> ais\u00e9 et gratuit.<\/p>\n<p><strong>Transport en commun<\/strong> : Ligne 6020, arr\u00eat Coll\u00e8ge du Gr\u00e9sivaudan ou Chateau Randon + 10 minutes \u00e0 pieds<\/p>\n<p><strong>T\u00e9l\u00e9phone<\/strong> :\u00a00682849836<\/p>\n<p><strong>E-mail<\/strong> : eric.regent[AROBASE]neuf.fr<\/p>\n<p><strong>Heures de rendez-vous<\/strong> :<br \/>\n<strong>Du lundi matin au samedi soir, <\/strong>m\u00eame en soir\u00e9e ou les jours f\u00e9ri\u00e9s.<\/p>\n<p><strong>Tarif\u00a0<\/strong>:<br \/>\n&#8211; 50 euros par heure (75 euros pour 1h30,\u00a0100 euros pour 2h),<\/p>\n<p>Possibilit\u00e9 d&rsquo;ajuster en fonction des ressources pour que le tarif n&rsquo;influe pas sur la fr\u00e9quence souhaitable des entretiens. A d\u00e9battre.<\/p>\n<p><strong>Statut<\/strong> :<\/p>\n<p>Autoentrepreneur, SIRET 520 723 214 00018<\/p>\n","protected":false},"excerpt":{"rendered":"<p>Cabinet \u00e0 mon domicile : 224 all\u00e9e des m\u00e9sanges, 38330 St ISMIER Itin\u00e9raire : Tout proche du Lyc\u00e9e Horticole de St Ismier. Autoroute Grenoble-Chamb\u00e9ry sortie 25 =&gt; \u00e0 3mn selon plan (lien \u00e0 droite). Stationnement ais\u00e9 et gratuit. Transport en commun : Ligne 6020, arr\u00eat Coll\u00e8ge du Gr\u00e9sivaudan ou Chateau Randon + 10 minutes \u00e0 [&hellip;]<\/p>\n","protected":false},"author":1,"featured_media":0,"parent":0,"menu_order":7,"comment_status":"closed","ping_status":"open","template":"","meta":{"footnotes":""},"class_list":["post-92","page","type-page","status-publish","hentry"],"_links":{"self":[{"href":"https:\/\/ericregent.com\/index.php?rest_route=\/wp\/v2\/pages\/92","targetHints":{"allow":["GET"]}}],"collection":[{"href":"https:\/\/ericregent.com\/index.php?rest_route=\/wp\/v2\/pages"}],"about":[{"href":"https:\/\/ericregent.com\/index.php?rest_route=\/wp\/v2\/types\/page"}],"author":[{"embeddable":true,"href":"https:\/\/ericregent.com\/index.php?rest_route=\/wp\/v2\/users\/1"}],"replies":[{"embeddable":true,"href":"https:\/\/ericregent.com\/index.php?rest_route=%2Fwp%2Fv2%2Fcomments&post=92"}],"version-history":[{"count":34,"href":"https:\/\/ericregent.com\/index.php?rest_route=\/wp\/v2\/pages\/92\/revisions"}],"predecessor-version":[{"id":785,"href":"https:\/\/ericregent.com\/index.php?rest_route=\/wp\/v2\/pages\/92\/revisions\/785"}],"wp:attachment":[{"href":"https:\/\/ericregent.com\/index.php?rest_route=%2Fwp%2Fv2%2Fmedia&parent=92"}],"curies":[{"name":"wp","href":"https:\/\/api.w.org\/{rel}","templated":true}]}}