{"id":695,"date":"2019-11-26T14:11:04","date_gmt":"2019-11-26T14:11:04","guid":{"rendered":"http:\/\/ericregent.com\/?page_id=695"},"modified":"2021-05-31T06:16:50","modified_gmt":"2021-05-31T06:16:50","slug":"cadre","status":"publish","type":"page","link":"https:\/\/ericregent.com\/?page_id=695","title":{"rendered":"Cadre"},"content":{"rendered":"\n<p><strong><em>Pour une th\u00e9rapie libre, dynamisante, puissante et autog\u00e9r\u00e9e<\/em><\/strong><\/p>\n\n\n\n<p>Cet onglet est r\u00e9dig\u00e9 pour des entretiens en pr\u00e9sence. Pour les entretiens en visio, c&rsquo;est facile \u00e0 adapter.<\/p>\n\n\n\n<p><strong>Dur\u00e9e des entretiens<\/strong>. Nous prendrons au moins 1h30, peut-\u00eatre 2 heures ou un peu plus pour prendre soin de vous. Nous ajusterons ensemble sur place la dur\u00e9e. Ainsi, nous aurons le temps d&rsquo;approfondir suffisamment.<\/p>\n\n\n\n<p><strong>Fr\u00e9quence des entretiens<\/strong>. C&rsquo;est vous qui la pilotez. Vous pouvez venir plusieurs fois par semaine si c&rsquo;est n\u00e9cessaire, ou seulement une fois par mois. Vous pouvez venir souvent au d\u00e9but de l&rsquo;accompagnement et moins souvent ensuite. Vous pouvez reprendre rendez-vous avant de partir ou le faire plus tard. Libert\u00e9 et souplesse.<\/p>\n\n\n\n<p><strong>Disposition<\/strong>. Nous sommes g\u00e9n\u00e9ralement face \u00e0 face dans des si\u00e8ges identiques. Il arrive que des clients \u00e9prouvent le besoin de changer de position, et c&rsquo;est tout \u00e0 fait OK pour moi. Je peux mettre des coussins \u00e0 disposition.<\/p>\n\n\n\n<p><strong>Engagement<\/strong>. Contrairement \u00e0 d&rsquo;autres pratiques qui exigent l&rsquo;engagement du patient, je ne demande aucun engagement \u00e0 mes clients. C&rsquo;est moi qui m&rsquo;engage \u00e0 vous accompagner tant que vous le demanderez.<\/p>\n\n\n\n<p><strong>Fin d&rsquo;accompagnement<\/strong>. C&rsquo;est vous qui le d\u00e9cidez quand vous consid\u00e9rez que c&rsquo;est le moment d&rsquo;arr\u00eater. Vous pouvez aussi passer d&rsquo;une p\u00e9riode d&rsquo;entretiens rapproch\u00e9s \u00e0 une p\u00e9riode d&rsquo;entretiens plus espac\u00e9s. C&rsquo;est vous le pilote.<\/p>\n\n\n\n<p><strong>Lieu<\/strong>. C&rsquo;est \u00e0 mon domicile, dans mon bureau bien isol\u00e9 des bruits \u00e9ventuels de la maison. Vous pouvez consid\u00e9rer que si je pratiquais dans un local professionnel, bien des points de ce cadre ne pourraient pas tenir.<\/p>\n\n\n\n<p><strong>Horaires<\/strong>. Ce travail \u00e0 mon domicile me permet d&rsquo;accepter des horaires inhabituels, t\u00f4t matin, tard le soir, le samedi, et m\u00eame des jours f\u00e9ri\u00e9s.<\/p>\n\n\n\n<p><strong>Pas de salle d&rsquo;attente<\/strong>. Vous serez toujours accueilli et introduit dans mon cabinet d\u00e8s votre arriv\u00e9e. Je mets un temps de repos sur mon agenda entre les rendez-vous. Cela me permet de bien accueillir mes clients et, en cas de manifestation \u00e9motionnelle n\u00e9cessitant du temps suppl\u00e9mentaire, de vous accompagner jusqu&rsquo;\u00e0 un d\u00e9part serein. Vous ne croiserez jamais un autre client.<\/p>\n\n\n\n<p><strong>Totale discr\u00e9tion<\/strong>. La confidentialit\u00e9 \u00e0 laquelle je m&rsquo;engage porte sur le fait que vous venez me voir et sur le contenu de ce que vous me confiez. Et comme vous ne croiserez personne (en dehors de membres de ma famille exceptionnellement), votre venue chez moi ne sera pas connue m\u00eame de mani\u00e8re fortuite.<\/p>\n\n\n\n<p><strong>Tarif<\/strong>. J&rsquo;ai un tarif de r\u00e9f\u00e9rence de 50 euros par heure, et je donne <strong>la libert\u00e9 \u00e0 mes clients de me r\u00e9mun\u00e9rer plus ou moins selon leurs possibilit\u00e9s, pourvu que le tarif retenu leur permette de venir me voir assez fr\u00e9quemment pour honorer leur besoin.<\/strong> Si vous fixez un budget pour un entretien, il ne sera pas modifi\u00e9 parce que le temps aura \u00e9t\u00e9 plus long. Si c&rsquo;est possible pour vous, vous me r\u00e9mun\u00e9rerez en fonction du temps r\u00e9el pass\u00e9 ensemble. Libert\u00e9 et souplesse.<\/p>\n\n\n\n<p><strong>Rendez-vous \u00e0 d\u00e9placer<\/strong>. J&rsquo;accepte que soient d\u00e9plac\u00e9s des rendez-vous m\u00eame en derni\u00e8re minute et je ne demande pas de compensation financi\u00e8re. Libert\u00e9 et souplesse.<\/p>\n\n\n\n<p><strong>Pr\u00e9sence<\/strong>. Mes smartphone et ordinateur sont coup\u00e9s, je suis totalement pr\u00e9sent dans l&rsquo;entretien. Je m&rsquo;y pr\u00e9pare 15 mn \u00e0 l&rsquo;avance en r\u00e9duisant mes activit\u00e9s.<\/p>\n\n\n\n<p><\/p>\n","protected":false},"excerpt":{"rendered":"<p>Pour une th\u00e9rapie libre, dynamisante, puissante et autog\u00e9r\u00e9e Cet onglet est r\u00e9dig\u00e9 pour des entretiens en pr\u00e9sence. Pour les entretiens en visio, c&rsquo;est facile \u00e0 adapter. Dur\u00e9e des entretiens. Nous prendrons au moins 1h30, peut-\u00eatre 2 heures ou un peu plus pour prendre soin de vous. Nous ajusterons ensemble sur place la dur\u00e9e. Ainsi, nous [&hellip;]<\/p>\n","protected":false},"author":1,"featured_media":0,"parent":0,"menu_order":1,"comment_status":"closed","ping_status":"closed","template":"","meta":{"footnotes":""},"class_list":["post-695","page","type-page","status-publish","hentry"],"_links":{"self":[{"href":"https:\/\/ericregent.com\/index.php?rest_route=\/wp\/v2\/pages\/695","targetHints":{"allow":["GET"]}}],"collection":[{"href":"https:\/\/ericregent.com\/index.php?rest_route=\/wp\/v2\/pages"}],"about":[{"href":"https:\/\/ericregent.com\/index.php?rest_route=\/wp\/v2\/types\/page"}],"author":[{"embeddable":true,"href":"https:\/\/ericregent.com\/index.php?rest_route=\/wp\/v2\/users\/1"}],"replies":[{"embeddable":true,"href":"https:\/\/ericregent.com\/index.php?rest_route=%2Fwp%2Fv2%2Fcomments&post=695"}],"version-history":[{"count":18,"href":"https:\/\/ericregent.com\/index.php?rest_route=\/wp\/v2\/pages\/695\/revisions"}],"predecessor-version":[{"id":776,"href":"https:\/\/ericregent.com\/index.php?rest_route=\/wp\/v2\/pages\/695\/revisions\/776"}],"wp:attachment":[{"href":"https:\/\/ericregent.com\/index.php?rest_route=%2Fwp%2Fv2%2Fmedia&parent=695"}],"curies":[{"name":"wp","href":"https:\/\/api.w.org\/{rel}","templated":true}]}}