{"id":669,"date":"2016-09-06T14:21:28","date_gmt":"2016-09-06T14:21:28","guid":{"rendered":"http:\/\/ericregent.com\/?page_id=669"},"modified":"2016-10-12T23:09:43","modified_gmt":"2016-10-12T23:09:43","slug":"darnaud-desjardins","status":"publish","type":"page","link":"https:\/\/ericregent.com\/?page_id=669","title":{"rendered":"d&rsquo;Arnaud DESJARDINS"},"content":{"rendered":"<p>Cinq crit\u00e8res de r\u00e9ussite d\u2019un couple (Arnaud Desjardins, citant Swamiji).<\/p>\n<p>Dans \u00ab\u00a0Pour une vie r\u00e9ussie, un amour r\u00e9ussi\u00a0\u00bb, Pocket 11560, pages 218 et suivantes.<\/p>\n<ul>\n<li><strong>Feeling of companionship<\/strong>, le sentiment d\u2019\u00eatre deux compagnons. L\u2019un et l\u2019autre ne se sentent plus seuls. Ils sont l\u2019un pour l\u2019autre leur meilleur ami.<\/li>\n<li><strong>At-ease-ness<\/strong>, les choses sont faciles, ais\u00e9es, par opposition \u00e0 dis-ease. C\u2019est paisible et d\u00e9tendu. La relation ne g\u00e9n\u00e8re pas de souffrance. Certes, cette aisance peut s\u2019\u00e9tablir dans la routine, et alors il y a un manque (voir 5).<\/li>\n<li><strong>Two natures which are not too different<\/strong>. Deux natures qui s\u2019accordent sur suffisamment de points de vue. Certes, l\u2019autre reste un autre, totalement. Mais une v\u00e9ritable entente doit pouvoir s\u2019\u00e9tablir.<\/li>\n<li><strong>Complete trust and confidence<\/strong>. Je peux faire \u00e0 l\u2019autre une totale confiance en toutes circonstances. La jalousie est incompatible avec l\u2019amour spirituel. Foi et confiance compl\u00e8tes. C\u2019est une dimension sacr\u00e9e. L\u2019amour ne peut pas se vivre dans la peur.<\/li>\n<li><strong>Strong impulse to make the other happy<\/strong>. <strong>And there is no giving without receiving<\/strong>. Rendre l\u2019autre heureux, ce n\u2019est pas lui donner ce qui est bon pour lui \u00e0 mon id\u00e9e. C\u2019est \u00eatre suffisamment centr\u00e9 sur lui pour sentir, instant apr\u00e8s instant, ce qu\u2019il va aimer recevoir. Donner la meilleure viande \u00e0 un lapin, \u00e7a ne le fait pas, et j\u2019aurais bien tort de reprocher au lapin de ne pas appr\u00e9cier. On peut donner \u00e9norm\u00e9ment, et ne pas donner l\u2019essentiel que l\u2019autre attend. \u00ab\u00a0Cette envie de rendre l\u2019autre heureux ne se fabrique pas artificiellement, elle est l\u00e0 ou elle n\u2019est pas l\u00e0\u00a0\u00bb (p235).<\/li>\n<\/ul>\n<p>Je recommande \u00e9galement la lecture des \u00ab\u00a0Chemins de la Sagesse\u00a0\u00bb, surtout les tomes 1 et 2, plus abordables que le 3\u00e8me. Mais plein de livres en collection POCKET sont disponibles, Approches de la m\u00e9ditation, Bienvenue sur la voie, La Voie du Coeur, et l&rsquo;Audace de vivre dont voici qq extraits :<\/p>\n<p><em>D&rsquo;Aranaud Desjardins, \u00ab\u00a0L&rsquo;audace de vivre\u00a0\u00bb, Pocket 10752, p 34. L&rsquo;antidote du mental, c&rsquo;est la respiration.<\/em><\/p>\n<p>\u00ab\u00a0Osez vivre. Commencez simplement et <strong>osez au moins respirer<\/strong>. Osez vous ouvrir. <strong>Osez ressentir<\/strong>. Et plus vous avez peur de la richesse, de la pl\u00e9nitude et de la puissance de la vie, plus vous devenez esclaves de la t\u00eate et des pens\u00e9es. Le mental est essentiellement le fruit de cette peur de vivre. Vous vous r\u00e9fugiez dans un monde d&rsquo;id\u00e9es parce que dans ce monde subjectif vous faites ce que vous voulez. Les pens\u00e9es correspondent \u00e0 nos tendances r\u00e9p\u00e9titives, que nous pouvons ind\u00e9finiment ressasser. <strong>Plus on vit moins on pense, plus on pense moins on vit<\/strong>.\u00a0\u00bb<\/p>\n<p><em>Arnaud Desjardins, \u00ab\u00a0L\u2019audace de vivre\u00a0\u00bb, Pocket 10752, p 158-159 Nos coupures de le vie et de l&rsquo;\u00e9nergie de l&rsquo;univers<\/em><\/p>\n<p>La trag\u00e9die des \u00eatres humains provient du fait que cette profusion d&rsquo;\u00e9nergie [de la vie] se trouve peu \u00e0 peu bloqu\u00e9e, divis\u00e9e contre elle-m\u00eame. Au lieu d&rsquo;aller uniquement dans le sens du d\u00e9ploiement, de l&rsquo;intensit\u00e9, de la participation \u00e0 la vie de l&rsquo;univers, il se forme <strong>deux coupures<\/strong> :<\/p>\n<p>d&rsquo;une part, une coupure qui s&rsquo;accentue de plus en plus avec l&rsquo;\u00e2ge, entre nous, chacun individuellement, et la totalit\u00e9 de l&rsquo;univers: ce qu&rsquo;on appelle<strong> le sens de l&rsquo;ego<\/strong>;<\/p>\n<p>et d&rsquo;autre part, une coupure entre nous et la force de vie en nous, due \u00e0 des r\u00e9pressions, des interdits, des n\u00e9cessit\u00e9s sociales. Et comme cette \u00e9ducation constitu\u00e9e de \u00abNon\u00bb n&rsquo;est pas re\u00e7ue consciemment et n&rsquo;est pas non plus ressentie comme juste, cette vie si puissante que nous portons en nous se divise contre elle-m\u00eame.<\/p>\n<p>Une part de l&rsquo;\u00e9nergie continue \u00e0 chercher l&rsquo;expansion, l\u2019\u00e9panouissement et une autre part bloque, coupe, refoule \u00e0 l&rsquo;int\u00e9rieur de nous. Et, comme cons\u00e9quence, nous ne sentons plus que nous participons \u00e0 la totalit\u00e9, <strong>nous ne sentons plus que la m\u00eame vie nous anime qui anime tout l&rsquo;univers<\/strong>.<\/p>\n","protected":false},"excerpt":{"rendered":"<p>Cinq crit\u00e8res de r\u00e9ussite d\u2019un couple (Arnaud Desjardins, citant Swamiji). Dans \u00ab\u00a0Pour une vie r\u00e9ussie, un amour r\u00e9ussi\u00a0\u00bb, Pocket 11560, pages 218 et suivantes. Feeling of companionship, le sentiment d\u2019\u00eatre deux compagnons. L\u2019un et l\u2019autre ne se sentent plus seuls. Ils sont l\u2019un pour l\u2019autre leur meilleur ami. At-ease-ness, les choses sont faciles, ais\u00e9es, par [&hellip;]<\/p>\n","protected":false},"author":1,"featured_media":0,"parent":156,"menu_order":14,"comment_status":"closed","ping_status":"closed","template":"","meta":{"footnotes":""},"class_list":["post-669","page","type-page","status-publish","hentry"],"_links":{"self":[{"href":"https:\/\/ericregent.com\/index.php?rest_route=\/wp\/v2\/pages\/669","targetHints":{"allow":["GET"]}}],"collection":[{"href":"https:\/\/ericregent.com\/index.php?rest_route=\/wp\/v2\/pages"}],"about":[{"href":"https:\/\/ericregent.com\/index.php?rest_route=\/wp\/v2\/types\/page"}],"author":[{"embeddable":true,"href":"https:\/\/ericregent.com\/index.php?rest_route=\/wp\/v2\/users\/1"}],"replies":[{"embeddable":true,"href":"https:\/\/ericregent.com\/index.php?rest_route=%2Fwp%2Fv2%2Fcomments&post=669"}],"version-history":[{"count":3,"href":"https:\/\/ericregent.com\/index.php?rest_route=\/wp\/v2\/pages\/669\/revisions"}],"predecessor-version":[{"id":677,"href":"https:\/\/ericregent.com\/index.php?rest_route=\/wp\/v2\/pages\/669\/revisions\/677"}],"up":[{"embeddable":true,"href":"https:\/\/ericregent.com\/index.php?rest_route=\/wp\/v2\/pages\/156"}],"wp:attachment":[{"href":"https:\/\/ericregent.com\/index.php?rest_route=%2Fwp%2Fv2%2Fmedia&parent=669"}],"curies":[{"name":"wp","href":"https:\/\/api.w.org\/{rel}","templated":true}]}}