{"id":631,"date":"2016-05-10T11:15:46","date_gmt":"2016-05-10T11:15:46","guid":{"rendered":"http:\/\/ericregent.com\/?page_id=631"},"modified":"2016-07-29T15:07:55","modified_gmt":"2016-07-29T15:07:55","slug":"articles","status":"publish","type":"page","link":"https:\/\/ericregent.com\/?page_id=631","title":{"rendered":"Articles"},"content":{"rendered":"<p>Rubrique en cours de constitution \u00e0 partir de mai 2016. Bonne lecture !<\/p>\n<p>Les articles sont libres de t\u00e9l\u00e9chargement. Merci de respecter leur int\u00e9grit\u00e9 et de nommer leur auteur si vous les diffusez.<\/p>\n","protected":false},"excerpt":{"rendered":"<p>Rubrique en cours de constitution \u00e0 partir de mai 2016. Bonne lecture ! Les articles sont libres de t\u00e9l\u00e9chargement. Merci de respecter leur int\u00e9grit\u00e9 et de nommer leur auteur si vous les diffusez.<\/p>\n","protected":false},"author":1,"featured_media":0,"parent":0,"menu_order":8,"comment_status":"closed","ping_status":"closed","template":"","meta":{"footnotes":""},"class_list":["post-631","page","type-page","status-publish","hentry"],"_links":{"self":[{"href":"https:\/\/ericregent.com\/index.php?rest_route=\/wp\/v2\/pages\/631","targetHints":{"allow":["GET"]}}],"collection":[{"href":"https:\/\/ericregent.com\/index.php?rest_route=\/wp\/v2\/pages"}],"about":[{"href":"https:\/\/ericregent.com\/index.php?rest_route=\/wp\/v2\/types\/page"}],"author":[{"embeddable":true,"href":"https:\/\/ericregent.com\/index.php?rest_route=\/wp\/v2\/users\/1"}],"replies":[{"embeddable":true,"href":"https:\/\/ericregent.com\/index.php?rest_route=%2Fwp%2Fv2%2Fcomments&post=631"}],"version-history":[{"count":4,"href":"https:\/\/ericregent.com\/index.php?rest_route=\/wp\/v2\/pages\/631\/revisions"}],"predecessor-version":[{"id":653,"href":"https:\/\/ericregent.com\/index.php?rest_route=\/wp\/v2\/pages\/631\/revisions\/653"}],"wp:attachment":[{"href":"https:\/\/ericregent.com\/index.php?rest_route=%2Fwp%2Fv2%2Fmedia&parent=631"}],"curies":[{"name":"wp","href":"https:\/\/api.w.org\/{rel}","templated":true}]}}