{"id":581,"date":"2014-06-05T13:30:49","date_gmt":"2014-06-05T13:30:49","guid":{"rendered":"http:\/\/ericregent.com\/?page_id=581"},"modified":"2017-11-27T16:50:13","modified_gmt":"2017-11-27T16:50:13","slug":"d-eckhart-tolle","status":"publish","type":"page","link":"https:\/\/ericregent.com\/?page_id=581","title":{"rendered":"d&rsquo; Eckhart TOLLE"},"content":{"rendered":"<p>Ouvrages lus et relus :<\/p>\n<p>&#8211; \u00ab\u00a0Le pouvoir du moment pr\u00e9sent\u00a0\u00bb, J&rsquo;ai Lu N\u00b0 9340<\/p>\n<p>&#8211; \u00ab\u00a0Mettre en pratique le pouvoir du moment pr\u00e9sent\u00a0\u00bb, J&rsquo;ai Lu N\u00b0 9444.<\/p>\n<p>&#8211; \u00ab\u00a0Nouvelle Terre\u00a0\u00bb, Ariane, 2005<\/p>\n<p><strong>L&rsquo;art de l&rsquo;\u00e9coute<\/strong><\/p>\n<p>PMP p143 : Lorsque vous \u00e9coutez quelqu&rsquo;un, ne le faites pas uniquement avec votre t\u00eate; \u00e9coutez avec tout votre corps. Sentez le champ \u00e9nerg\u00e9tique de votre corps subtil pendant ce temps. Cela \u00e9loigne l&rsquo;attention du m\u00e9canisme de la pens\u00e9e et m\u00e9nage un espace de calme qui vous permet d&rsquo;\u00e9couter v\u00e9ritablement sans que le mental interf\u00e8re. Ainsi vous faites de la place \u00e0 l&rsquo;autre, de la place pour \u00eatre. C&rsquo;est le plus pr\u00e9cieux cadeau que vous puissiez offrir \u00e0 un interlocuteur.<\/p>\n<p><strong>Faire une analyse ?<\/strong><\/p>\n<p>PMP p 107 : \u00ab\u00a0Il n&rsquo;est pas n\u00e9cessaire de fouiller votre pass\u00e9 inconscient, sauf lorsqu&rsquo;il se manifeste dans l&rsquo;instant sous la forme d&rsquo;une pens\u00e9e, d&rsquo;une \u00e9motion, d&rsquo;un d\u00e9sir, d&rsquo;une r\u00e9action ou d&rsquo;un \u00e9v\u00e9nement qui vous arrive. \u00a0Tout ce que vous avez besoin de savoir au sujet de votre pass\u00e9 inconscient, les d\u00e9fis du pr\u00e9sent vous l&rsquo;apporteront. Si vous commencez \u00e0 fouiller votre pass\u00e9, ce sera un trou sans fond, car vous trouverez toujours autre chose. Vous croyez peut-\u00eatre qu&rsquo;il vous faut plus de temps pour comprendre le pass\u00e9 ou vous en lib\u00e9rer, donc que le futur finira par vous en d\u00e9livrer. C&rsquo;est l\u00e0 une illusion. Seul le pr\u00e9sent peut vous amener \u00e0 cela. Vous ne pouvez vous d\u00e9faire du temps en y mettant du temps. Sachez acc\u00e9der au pouvoir de l&rsquo;instant pr\u00e9sent. C&rsquo;est la cl\u00e9.\u00a0\u00bb<\/p>\n<p>[Pour Carl Rogers, la cl\u00e9 de la relation d&rsquo;aide, c&rsquo;est la pr\u00e9sence]<\/p>\n<p><strong>Le corps et le mental<\/strong><\/p>\n<p>PMP p110. \u00ab\u00a0Que voulez-vous dire par \u00ab\u00a0\u00eatre bien ancr\u00e9 en soi\u00a0\u00bb ? Je veux dire habiter votre corps totalement. Avoir constamment votre attention en partie fix\u00e9e sur le champ \u00e9nerg\u00e9tique de votre corps. Sentir votre corps de l&rsquo;int\u00e9rieur, pour ainsi dire. La conscience du corps vous fait rester pr\u00e9sent et vous ancre dans le pr\u00e9sent.\u00a0\u00bb<\/p>\n<p>PMP p127. \u00ab\u00a0Tant que votre mental accapare toute votre attention, vous \u00eates coup\u00e9 de votre Etre. Lorsque c&rsquo;est le cas &#8211; et pour la plupart des gens \u00e7a l&rsquo;est continuellement -, vous n&rsquo;\u00eates pas dans votre corps. Le mental absorbe toute votre conscience et la transforme en \u00ab\u00a0balivernes mentales\u00a0\u00bb. Vous ne pouvez cesser de penser. La pens\u00e9e compulsive est devenue une maladie collective.\u00a0\u00bb<\/p>\n<p>[Eh oui ! Je pense donc je suis&#8230; malade. Descartes a juste oubli\u00e9 un mot essentiel]<\/p>\n<p><strong>La relation d&rsquo;aide, trouver la paix<\/strong><\/p>\n<p>MP PMP p93. \u00ab\u00a0Quand vous reconnaissez que vous n&rsquo;\u00eates pas en paix avec vous-m\u00eame, cette reconnaissance cr\u00e9e une atmosph\u00e8re de calme qui accueille le d\u00e9saccord dans un mouvement tendre et aimant et le convertit par la suite en paix. En ce qui concerne la transformation int\u00e9rieure, vous ne pouvez rien faire. Vous ne pouvez pas vous transformer vous-m\u00eame \u00e0 volont\u00e9, pas plus que vous ne pouvez changer votre partenaire ou quelqu&rsquo;un d&rsquo;autre. Tout ce que vous pouvez faire, c&rsquo;est m\u00e9nager un espace au sein duquel la m\u00e9tamorphose peut se produire, afin que la gr\u00e2ce et l&rsquo;amour puissent venir.\u00a0\u00bb<br \/>\n[remarque : Relire la deuxi\u00e8me partie de ce passage en imaginant qu&rsquo;Eckhart s&rsquo;adresse \u00e0 un professionnel de la relation d&rsquo;aide]<\/p>\n<p>MP PMP p113. \u00ab\u00a0Ne pas chercher la paix. Ne cherchez pas \u00e0 trouver un quelconque autre \u00e9tat que celui dans lequel vous \u00eates dans l&rsquo;instant pr\u00e9sent. Sinon, vous instaurerez un conflit int\u00e9rieur et une r\u00e9sistance inconsciente. Pardonnez-vous de ne pas \u00eatre en paix. D\u00e8s l&rsquo;instant o\u00f9 vous acceptez totalement l&rsquo;absence de paix, celle-ci se m\u00e9tamorphose en paix. Tout ce que vous acceptez totalement vous conduit \u00e0 la paix. C&rsquo;est le miracle du l\u00e2cher-prise.\u00a0\u00bb<\/p>\n<p>NT p217. \u00ab\u00a0Quand on est conscient de la qui\u00e9tude, c&rsquo;est qu&rsquo;on est quiet. Et \u00eatre quiet, c&rsquo;est \u00eatre conscient sans pens\u00e9e. Vous n&rsquo;\u00eates jamais plus essentiellement, plus profond\u00e9ment vous-m\u00eames que lorsque vous \u00eates dans cet \u00e9tat.\u00a0\u00bb<\/p>\n<p><strong>Souffrance <\/strong><\/p>\n<p>NT p85.\u00a0\u00bb Quand l&rsquo;ego dit \u00ab\u00a0Je ne devrais pas avoir \u00e0 souffrir\u00a0\u00bb, cette pens\u00e9e vous fait souffrir encore plus. C&rsquo;est une d\u00e9formation de la v\u00e9rit\u00e9 qui est toujours paradoxale. En r\u00e9alit\u00e9 et de fa\u00e7on paradoxale, vous avez besoin de dire \u00ab\u00a0Oui\u00a0\u00bb \u00e0 la souffrance avant de pouvoir la transcender.\u00a0\u00bb<\/p>\n<p>NT p155. \u00ab\u00a0Quand vous sentez le corps de souffrance, ne faites par l&rsquo;erreur de croire qu&rsquo;il y a quelque chose qui ne va pas chez vous. L&rsquo;ego adore que vous fassiez de vous un probl\u00e8me.[&#8230;] Accepter veut dire : vous permettre de sentir quoi que ce soit que vous sentiez dans le moment.\u00a0\u00bb<\/p>\n<p>NT p181. \u00ab\u00a0La mis\u00e8re int\u00e9rieure, ou n\u00e9gativit\u00e9, est une maladie sur notre plan\u00e8te. La n\u00e9gativit\u00e9 est sur le plan int\u00e9rieur ce que la pollution est sur le plan ext\u00e9riieur. Elle est partout, pas juste dans les endroits o\u00f9 les gens vivent dans l&rsquo;indigence. Elle existe surtout l\u00e0 o\u00f9 les gens vivent dans l&rsquo;abondance.\u00a0\u00bb<\/p>\n<p><strong>Acceptation et action\u00a0<\/strong><\/p>\n<p>PMP p51 : Question : L&rsquo;instant pr\u00e9sent est parfois inacceptable, d\u00e9sagr\u00e9able ou affreux ? R\u00e9ponse d&rsquo;ET: Il est comme il est. Observez de quelle fa\u00e7on le mental l&rsquo;\u00e9tiquette et \u00e0 quel point ce processus d&rsquo;\u00e9tiquetage, cette continuelle attitude de jugement, cr\u00e9e chagrin et tourment. En regardant attentivement les rouages du mental, vous sortez de ces sch\u00e8mes de r\u00e9sistance et pouvez ensuite laisser le moment pr\u00e9sent \u00eatre. Cela vous fera go\u00fbter l&rsquo;\u00e9tat de libert\u00e9 int\u00e9rieure face aux conditions ext\u00e9rieures, l&rsquo;\u00e9tat de v\u00e9ritable paix int\u00e9rieure. Puis, voyez ce qui arrive et passez \u00e0 l&rsquo;action si c&rsquo;est n\u00e9cessaire ou possible. Acceptez, puis agissez. Quoique vous r\u00e9serve le pr\u00e9sent, acceptez-le comme si vous l&rsquo;aviez choisi. Allez toujours dans le m\u00eame sens que lui, et non \u00e0 contresens. Faites-vous en un ami et un alli\u00e9, et non un ennemi. Cela transformera miraculeusement toute votre vie.<\/p>\n<p><strong>La video de la conf\u00e9rence d&rsquo;Eckhart Tolle, donn\u00e9e en anglais \u00e0 Paris (pour la premi\u00e8re fois en France) le 16 septembre 2017, sous-titr\u00e9e en fran\u00e7ais, peut \u00eatre achet\u00e9e sur le site mywholeproject. Elle sera distribu\u00e9e fin octobre 2017<\/strong>. J&rsquo;y ai assist\u00e9. Il parle lentement dans un anglais distinct, tr\u00e8s compr\u00e9hensible. Une belle pr\u00e9sence !<\/p>\n<p>&nbsp;<\/p>\n","protected":false},"excerpt":{"rendered":"<p>Ouvrages lus et relus : &#8211; \u00ab\u00a0Le pouvoir du moment pr\u00e9sent\u00a0\u00bb, J&rsquo;ai Lu N\u00b0 9340 &#8211; \u00ab\u00a0Mettre en pratique le pouvoir du moment pr\u00e9sent\u00a0\u00bb, J&rsquo;ai Lu N\u00b0 9444. &#8211; \u00ab\u00a0Nouvelle Terre\u00a0\u00bb, Ariane, 2005 L&rsquo;art de l&rsquo;\u00e9coute PMP p143 : Lorsque vous \u00e9coutez quelqu&rsquo;un, ne le faites pas uniquement avec votre t\u00eate; \u00e9coutez avec tout votre [&hellip;]<\/p>\n","protected":false},"author":1,"featured_media":0,"parent":156,"menu_order":2,"comment_status":"closed","ping_status":"open","template":"","meta":{"footnotes":""},"class_list":["post-581","page","type-page","status-publish","hentry"],"_links":{"self":[{"href":"https:\/\/ericregent.com\/index.php?rest_route=\/wp\/v2\/pages\/581","targetHints":{"allow":["GET"]}}],"collection":[{"href":"https:\/\/ericregent.com\/index.php?rest_route=\/wp\/v2\/pages"}],"about":[{"href":"https:\/\/ericregent.com\/index.php?rest_route=\/wp\/v2\/types\/page"}],"author":[{"embeddable":true,"href":"https:\/\/ericregent.com\/index.php?rest_route=\/wp\/v2\/users\/1"}],"replies":[{"embeddable":true,"href":"https:\/\/ericregent.com\/index.php?rest_route=%2Fwp%2Fv2%2Fcomments&post=581"}],"version-history":[{"count":20,"href":"https:\/\/ericregent.com\/index.php?rest_route=\/wp\/v2\/pages\/581\/revisions"}],"predecessor-version":[{"id":681,"href":"https:\/\/ericregent.com\/index.php?rest_route=\/wp\/v2\/pages\/581\/revisions\/681"}],"up":[{"embeddable":true,"href":"https:\/\/ericregent.com\/index.php?rest_route=\/wp\/v2\/pages\/156"}],"wp:attachment":[{"href":"https:\/\/ericregent.com\/index.php?rest_route=%2Fwp%2Fv2%2Fmedia&parent=581"}],"curies":[{"name":"wp","href":"https:\/\/api.w.org\/{rel}","templated":true}]}}