{"id":576,"date":"2014-06-05T13:19:31","date_gmt":"2014-06-05T13:19:31","guid":{"rendered":"http:\/\/ericregent.com\/?page_id=576"},"modified":"2014-06-06T06:38:20","modified_gmt":"2014-06-06T06:38:20","slug":"developpement-personnel","status":"publish","type":"page","link":"https:\/\/ericregent.com\/?page_id=576","title":{"rendered":"D\u00e9veloppement personnel"},"content":{"rendered":"<p>Le point de d\u00e9part d&rsquo;un profond changement est souvent l&rsquo;impasse dans laquelle nous nous trouvons \u00e0 cause d&rsquo;une maladie, d&rsquo;une situation relationnelle insupportable, d&rsquo;un malaise qui ne peut plus \u00eatre v\u00e9cu sans rien faire, ou encore \u00e0 cause de manifestations \u00e9motionnelles ou corporelles \u00e9prouv\u00e9es comme handicapantes.<\/p>\n<p>Aussi mes premi\u00e8res propositions concernent ces difficult\u00e9s qui font chercher de l&rsquo;aide.<\/p>\n<p>Pourtant, le \u00ab\u00a0simple\u00a0\u00bb d\u00e9sir de r\u00e9aliser la personne que je suis, de me lib\u00e9rer d&rsquo;entraves pressenties mais pas forc\u00e9ment claires pour permettre le d\u00e9veloppement de mon potentiel, ce d\u00e9sir peut \u00eatre une motivation suffisante pour me mettre en qu\u00eate d&rsquo;un chemin et d&rsquo;une aide appropri\u00e9e.<\/p>\n<p>Eckhart Tolle, dans ses ouvrages \u00ab\u00a0Le pouvoir du moment pr\u00e9sent\u00a0\u00bb et \u00ab\u00a0Nouvelle Terre\u00a0\u00bb, d\u00e9crit une mani\u00e8re de d\u00e9velopper la conscience qui conduit \u00e0 remettre le mental \u00e0 sa place, \u00e0 ne plus \u00eatre le jouet de ses \u00e9motions, \u00e0 vivre dans l&rsquo;instant pr\u00e9sent une v\u00e9ritable pr\u00e9sence (il utilise souvent un P majuscule).<\/p>\n<p>Je me propose d&rsquo;accompagner toute personne qui voudrait suivre cette voie et qui \u00e9prouverait la n\u00e9cessit\u00e9 d&rsquo;y \u00eatre aid\u00e9e.<\/p>\n<p>Lire \u00ab\u00a0le pouvoir du moment pr\u00e9sent\u00a0\u00bb est souhaitable, c&rsquo;est un livre tr\u00e8s accessible &#8211; Collection J&rsquo;ai Lu N\u00b0 9340.<\/p>\n<p>&nbsp;<\/p>\n<p>Concr\u00e8tement, ma proposition s&rsquo;en tient \u00e0 des entretiens de 1h30 ou 2h \u00e0 une fr\u00e9quence que mon client pilote.<\/p>\n<p>&nbsp;<\/p>\n","protected":false},"excerpt":{"rendered":"<p>Le point de d\u00e9part d&rsquo;un profond changement est souvent l&rsquo;impasse dans laquelle nous nous trouvons \u00e0 cause d&rsquo;une maladie, d&rsquo;une situation relationnelle insupportable, d&rsquo;un malaise qui ne peut plus \u00eatre v\u00e9cu sans rien faire, ou encore \u00e0 cause de manifestations \u00e9motionnelles ou corporelles \u00e9prouv\u00e9es comme handicapantes. Aussi mes premi\u00e8res propositions concernent ces difficult\u00e9s qui font [&hellip;]<\/p>\n","protected":false},"author":1,"featured_media":0,"parent":239,"menu_order":6,"comment_status":"closed","ping_status":"open","template":"","meta":{"footnotes":""},"class_list":["post-576","page","type-page","status-publish","hentry"],"_links":{"self":[{"href":"https:\/\/ericregent.com\/index.php?rest_route=\/wp\/v2\/pages\/576","targetHints":{"allow":["GET"]}}],"collection":[{"href":"https:\/\/ericregent.com\/index.php?rest_route=\/wp\/v2\/pages"}],"about":[{"href":"https:\/\/ericregent.com\/index.php?rest_route=\/wp\/v2\/types\/page"}],"author":[{"embeddable":true,"href":"https:\/\/ericregent.com\/index.php?rest_route=\/wp\/v2\/users\/1"}],"replies":[{"embeddable":true,"href":"https:\/\/ericregent.com\/index.php?rest_route=%2Fwp%2Fv2%2Fcomments&post=576"}],"version-history":[{"count":7,"href":"https:\/\/ericregent.com\/index.php?rest_route=\/wp\/v2\/pages\/576\/revisions"}],"predecessor-version":[{"id":594,"href":"https:\/\/ericregent.com\/index.php?rest_route=\/wp\/v2\/pages\/576\/revisions\/594"}],"up":[{"embeddable":true,"href":"https:\/\/ericregent.com\/index.php?rest_route=\/wp\/v2\/pages\/239"}],"wp:attachment":[{"href":"https:\/\/ericregent.com\/index.php?rest_route=%2Fwp%2Fv2%2Fmedia&parent=576"}],"curies":[{"name":"wp","href":"https:\/\/api.w.org\/{rel}","templated":true}]}}