{"id":252,"date":"2012-04-27T09:06:33","date_gmt":"2012-04-27T09:06:33","guid":{"rendered":"http:\/\/ericregent.com\/?page_id=252"},"modified":"2012-08-19T14:51:36","modified_gmt":"2012-08-19T14:51:36","slug":"de-carl-rogers","status":"publish","type":"page","link":"https:\/\/ericregent.com\/?page_id=252","title":{"rendered":"de Carl Rogers"},"content":{"rendered":"<p>1 \u00a0\u00ab\u00a0<strong>Il semble bien possible qu\u2019une des caract\u00e9ristiques de la th\u00e9rapie profonde ou valable soit que le client d\u00e9couvre qu\u2019il n\u2019est pas destructif d\u2019admettre pleinement dans sa propre exp\u00e9rience les sentiments positifs qu\u2019une autre personne (le th\u00e9rapeute) \u00e9prouve \u00e0 son \u00e9gard. Peut-\u00eatre une des raisons qui rendent cette exp\u00e9rience si difficile est qu\u2019elle implique fondamentalement l\u2019acceptation de cette id\u00e9e\u00a0: je suis digne qu\u2019on m\u2019aime. Nous \u00e9tudierons ce point dans la section suivante. Pour l\u2019instant, on peut relever dans la th\u00e9rapie qu\u2019elle est une libre et totale exp\u00e9rience d\u2019une relation affective, exp\u00e9rience qui peut \u00eatre exprim\u00e9e en termes g\u00e9n\u00e9raux comme suit\u00a0: \u00ab\u00a0Je peux permettre \u00e0 quelqu\u2019un d\u2019\u00e9prouver de l\u2019int\u00e9r\u00eat pour moi, et accepter int\u00e9rieurement sans aucune r\u00e9serve cet int\u00e9r\u00eat. Ceci me permet de reconna\u00eetre que moi aussi je m\u2019int\u00e9resse, et que je m\u2019int\u00e9resse profond\u00e9ment aux autres<\/strong>.\u00a0\u00bb\u00a0\u00bb &#8211; Carl Rogers,\u00a0\u00ab\u00a0Le d\u00e9veloppement de la personne\u00a0\u00bb InterEditions, page 65<\/p>\n<p>2 \u00a0\u00ab\u00a0<strong>L\u2019attitude du th\u00e9rapeute, en mettant les choses au mieux, est d\u00e9pourvue de cet aspect de quiproquo de la plupart des exp\u00e9riences que nous nommons amour. C\u2019est tout simplement le sentiment qui porte un \u00eatre humain vers un autre, sentiment qui me parait encore plus fondamental que l\u2019instinct sexuel ou le sentiment paternel ou maternel. C\u2019est un int\u00e9r\u00eat pour autrui assez grand pour qu\u2019on ne souhaite pas faire obstacle \u00e0 son d\u00e9veloppement ou se servir de lui pour des fins \u00e9go\u00efstes. Votre satisfaction vient du fait que vous l\u2019avez lib\u00e9r\u00e9 pour lui permettre de grandir \u00e0 sa mani\u00e8re \u00e0 lui<\/strong>\u00ab\u00a0. Carl Rogers, Le D\u00e9veloppement de la Personne, page 63.<\/p>\n<p>&#8212;&#8212;&#8212;&#8212;<\/p>\n<p>Principes fondamentaux \u2013 Rogers parle de son identit\u00e9 de th\u00e9rapeute, extraits du \u00ab\u00a0D\u00e9veloppement de la Personne\u00a0\u00bb :<\/p>\n<p>Dans mes relations avec autrui, <strong>j\u2019ai appris qu\u2019il ne sert \u00e0 rien, \u00e0 long terme, d\u2019agir comme si je n\u2019\u00e9tais pas ce que je suis<\/strong>. Mon intervention est plus efficace quand j\u2019arrive \u00e0 m\u2019\u00e9couter et \u00e0 m\u2019accepter et que je peux \u00eatre moi-m\u00eame.<\/p>\n<p><strong>J\u2019attache une valeur \u00e9norme au fait de pouvoir me permettre de comprendre une autre personne<\/strong>.<\/p>\n<p><strong>C\u2019est pour moi un enrichissement que d\u2019ouvrir des voies de communication qui permettent aux autres de me faire part de leurs sentiments et de leur univers tel qu\u2019ils le per\u00e7oivent<\/strong>.<\/p>\n<p>Il est toujours extr\u00eamement enrichissant pour moi de pouvoir accepter une autre personne.<\/p>\n<p><strong>Plus je suis pr\u00eat \u00e0 reconna\u00eetre ce qu\u2019il y a de r\u00e9el en moi et chez l\u2019autre, moins j\u2019ai le d\u00e9sir d\u2019essayer \u00e0 tout prix d\u2019arranger les choses<\/strong>.<\/p>\n<p><strong>Je peux faire confiance \u00e0 mon exp\u00e9rience<\/strong>. Une \u00e9valuation faite par autrui ne saurait me servir de guide. <strong>A mes yeux, l\u2019exp\u00e9rience est l\u2019autorit\u00e9 supr\u00eame<\/strong>.<\/p>\n<p>J\u2019ai du plaisir \u00e0 discerner un ordre dans mon exp\u00e9rience. <strong>Les faits sont mes amis<\/strong>.<\/p>\n<p>Ce qui est le plus personnel est aussi ce qu\u2019il y a de plus g\u00e9n\u00e9ral.<\/p>\n<p><strong>Mon exp\u00e9rience m\u2019a montr\u00e9 que, fondamentalement, tous les hommes ont une orientation positive.<\/strong><\/p>\n<p>La vie, dans ce qu\u2019elle a de meilleur, est un processus d\u2019\u00e9coulement, de changement, o\u00f9 rien n\u2019est fixe.<\/p>\n<p>&#8212;&#8212;&#8212;&#8212;<\/p>\n<p>Ce que produit la th\u00e9rapie, apprentissage authentique qui produit un (des) changement(s) (p 189)\u00a0:<\/p>\n<p>&#8211; <strong>la personne en vient \u00e0 se voir elle-m\u00eame de fa\u00e7on diff\u00e9rente<br \/>\n<\/strong><strong>&#8211; elle s\u2019accepte et accepte ses sentiments plus totalement<br \/>\n<\/strong><strong>&#8211; elle devient plus confiante en elle-m\u00eame et plus autonome<br \/>\n<\/strong><strong>&#8211; elle devient davantage la personne qu\u2019elle aimerait \u00eatre<br \/>\n<\/strong><strong>&#8211; elle devient plus souple, moins rigide dans ses perceptions<br \/>\n<\/strong><strong>&#8211; elle adopte des buts plus r\u00e9alistes pour elle-m\u00eame<br \/>\n<\/strong><strong>&#8211; elle se conduit de fa\u00e7on plus m\u00fbre<br \/>\n<\/strong><strong>&#8211; elle change ses conduites mal ajust\u00e9es, m\u00eame une conduite \u00e9tablie de longue date, telle que l\u2019alcoolisme chronique<br \/>\n<\/strong><strong>&#8211; elle devient plus acceptante des autres<br \/>\n<\/strong><strong>&#8211; elle devient plus ouverte \u00e0 l\u2019\u00e9vidence, \u00e0 la fois pour ce qui se passe \u00e0 l\u2019ext\u00e9rieur d\u2019elle-m\u00eame et en elle-m\u00eame<br \/>\n<\/strong><strong>&#8211; elle change dans les caract\u00e9ristiques personnelles profondes, selon des voies constructives<\/strong><\/p>\n<p>&nbsp;<\/p>\n","protected":false},"excerpt":{"rendered":"<p>1 \u00a0\u00ab\u00a0Il semble bien possible qu\u2019une des caract\u00e9ristiques de la th\u00e9rapie profonde ou valable soit que le client d\u00e9couvre qu\u2019il n\u2019est pas destructif d\u2019admettre pleinement dans sa propre exp\u00e9rience les sentiments positifs qu\u2019une autre personne (le th\u00e9rapeute) \u00e9prouve \u00e0 son \u00e9gard. Peut-\u00eatre une des raisons qui rendent cette exp\u00e9rience si difficile est qu\u2019elle implique fondamentalement [&hellip;]<\/p>\n","protected":false},"author":1,"featured_media":0,"parent":156,"menu_order":0,"comment_status":"closed","ping_status":"open","template":"","meta":{"footnotes":""},"class_list":["post-252","page","type-page","status-publish","hentry"],"_links":{"self":[{"href":"https:\/\/ericregent.com\/index.php?rest_route=\/wp\/v2\/pages\/252","targetHints":{"allow":["GET"]}}],"collection":[{"href":"https:\/\/ericregent.com\/index.php?rest_route=\/wp\/v2\/pages"}],"about":[{"href":"https:\/\/ericregent.com\/index.php?rest_route=\/wp\/v2\/types\/page"}],"author":[{"embeddable":true,"href":"https:\/\/ericregent.com\/index.php?rest_route=\/wp\/v2\/users\/1"}],"replies":[{"embeddable":true,"href":"https:\/\/ericregent.com\/index.php?rest_route=%2Fwp%2Fv2%2Fcomments&post=252"}],"version-history":[{"count":15,"href":"https:\/\/ericregent.com\/index.php?rest_route=\/wp\/v2\/pages\/252\/revisions"}],"predecessor-version":[{"id":535,"href":"https:\/\/ericregent.com\/index.php?rest_route=\/wp\/v2\/pages\/252\/revisions\/535"}],"up":[{"embeddable":true,"href":"https:\/\/ericregent.com\/index.php?rest_route=\/wp\/v2\/pages\/156"}],"wp:attachment":[{"href":"https:\/\/ericregent.com\/index.php?rest_route=%2Fwp%2Fv2%2Fmedia&parent=252"}],"curies":[{"name":"wp","href":"https:\/\/api.w.org\/{rel}","templated":true}]}}