{"id":196,"date":"2012-04-25T15:00:37","date_gmt":"2012-04-25T15:00:37","guid":{"rendered":"http:\/\/ericregent.com\/?page_id=196"},"modified":"2026-02-02T14:22:07","modified_gmt":"2026-02-02T14:22:07","slug":"accueil","status":"publish","type":"page","link":"https:\/\/ericregent.com\/","title":{"rendered":"Accueil"},"content":{"rendered":"\n<p><strong>Ma situation<\/strong> : J&rsquo;ai pris ma retraite, toutefois je veux bien continuer \u00e0 recevoir. Au-del\u00e0 de la th\u00e9rapie, je peux aider \u00e0 faire le pont avec la vie spirituelle.<\/p>\n\n\n\n<p><strong>Mon m\u00e9tier<\/strong> : Vous aider \u00e0 passer d&rsquo;un \u00e9tat de mal-\u00eatre ou de souffrance, quel qu&rsquo;il soit, \u00e0 une s\u00e9r\u00e9nit\u00e9 et au go\u00fbt d&rsquo;\u00eatre qui vous \u00eates. C&rsquo;est vous qui prenez l&rsquo;initiative pendant l&rsquo;entretien d&rsquo;\u00e9voquer votre pr\u00e9sent ou votre pass\u00e9, vos inqui\u00e9tudes, vos souffrances, vos relations. Je vous accompagne dans ce que vous me partagez. La lib\u00e9ration \u00e9ventuelle d&rsquo;\u00e9motions apporte des soulagements importants et durables.<\/p>\n\n\n\n<p><strong>Quelles probl\u00e9matiques ?<\/strong> Toutes parce c&rsquo;est vous qui trouvez vos solutions, certes avec mon aide. Relations difficiles, angoisses, troubles \u00e9motionnels, confiance en soi, peur de l&rsquo;avenir, anxi\u00e9t\u00e9, phobies, stress, d\u00e9pression, panique, souffrance, traumatismes, insomnies, sens de la maladie, harc\u00e8lement, isolement, burnout, impasses relationnelles, mal-\u00eatre, \u00e9puisement professionnel, d\u00e9sespoir&#8230; que vous soyez plut\u00f4t jeune ou plut\u00f4t \u00e2g\u00e9, peu importe.<\/p>\n\n\n\n<p><strong>Th\u00e9rapie du sens<\/strong> : Le hasard n&rsquo;existe pas. Nos maladies, nos rencontres, les obstacles que nous rencontrons ont un sens. Ces adversit\u00e9s r\u00e9clament \u00e9coute et attention.<\/p>\n\n\n\n<p><strong>Ni conseils, ni interpr\u00e9tations<\/strong>. Votre v\u00e9rit\u00e9 est en vous, il s&rsquo;agit juste de vous aider \u00e0 en trouver l&rsquo;acc\u00e8s. Je n&rsquo;ai aucun besoin de \u00ab\u00a0tout\u00a0\u00bb savoir sur vous. C&rsquo;est vous qui allez descendre en vous-m\u00eame.&nbsp;<\/p>\n\n\n\n<p><b>Cadre.&nbsp;<\/b>Voir cet onglet.&nbsp;<\/p>\n\n\n\n<p><strong>06 82 84 98 36<\/strong><\/p>\n\n\n<div class=\"wp-block-image\">\n<figure class=\"alignleft\"><a href=\"https:\/\/ericregent.com\/wp-content\/uploads\/2019\/11\/Photo-2019-06-600Ko-scaled.jpg\"><img loading=\"lazy\" decoding=\"async\" width=\"300\" height=\"300\" src=\"https:\/\/ericregent.com\/wp-content\/uploads\/2019\/11\/Photo-2019-06-600Ko-300x300.jpg\" alt=\"\" class=\"wp-image-715\" srcset=\"https:\/\/ericregent.com\/wp-content\/uploads\/2019\/11\/Photo-2019-06-600Ko-300x300.jpg 300w, https:\/\/ericregent.com\/wp-content\/uploads\/2019\/11\/Photo-2019-06-600Ko-1024x1024.jpg 1024w, https:\/\/ericregent.com\/wp-content\/uploads\/2019\/11\/Photo-2019-06-600Ko-150x150.jpg 150w, https:\/\/ericregent.com\/wp-content\/uploads\/2019\/11\/Photo-2019-06-600Ko-768x768.jpg 768w, https:\/\/ericregent.com\/wp-content\/uploads\/2019\/11\/Photo-2019-06-600Ko-1536x1536.jpg 1536w, https:\/\/ericregent.com\/wp-content\/uploads\/2019\/11\/Photo-2019-06-600Ko-2048x2048.jpg 2048w\" sizes=\"auto, (max-width: 300px) 100vw, 300px\" \/><\/a><\/figure><\/div>\n\n\n<p><\/p>\n\n\n\n<p><strong>&nbsp;<\/strong><\/p>\n\n\n\n<p><\/p>\n","protected":false},"excerpt":{"rendered":"<p>Ma situation : J&rsquo;ai pris ma retraite, toutefois je veux bien continuer \u00e0 recevoir. Au-del\u00e0 de la th\u00e9rapie, je peux aider \u00e0 faire le pont avec la vie spirituelle. Mon m\u00e9tier : Vous aider \u00e0 passer d&rsquo;un \u00e9tat de mal-\u00eatre ou de souffrance, quel qu&rsquo;il soit, \u00e0 une s\u00e9r\u00e9nit\u00e9 et au go\u00fbt d&rsquo;\u00eatre qui vous [&hellip;]<\/p>\n","protected":false},"author":1,"featured_media":0,"parent":0,"menu_order":0,"comment_status":"closed","ping_status":"open","template":"","meta":{"footnotes":""},"class_list":["post-196","page","type-page","status-publish","hentry"],"_links":{"self":[{"href":"https:\/\/ericregent.com\/index.php?rest_route=\/wp\/v2\/pages\/196","targetHints":{"allow":["GET"]}}],"collection":[{"href":"https:\/\/ericregent.com\/index.php?rest_route=\/wp\/v2\/pages"}],"about":[{"href":"https:\/\/ericregent.com\/index.php?rest_route=\/wp\/v2\/types\/page"}],"author":[{"embeddable":true,"href":"https:\/\/ericregent.com\/index.php?rest_route=\/wp\/v2\/users\/1"}],"replies":[{"embeddable":true,"href":"https:\/\/ericregent.com\/index.php?rest_route=%2Fwp%2Fv2%2Fcomments&post=196"}],"version-history":[{"count":81,"href":"https:\/\/ericregent.com\/index.php?rest_route=\/wp\/v2\/pages\/196\/revisions"}],"predecessor-version":[{"id":838,"href":"https:\/\/ericregent.com\/index.php?rest_route=\/wp\/v2\/pages\/196\/revisions\/838"}],"wp:attachment":[{"href":"https:\/\/ericregent.com\/index.php?rest_route=%2Fwp%2Fv2%2Fmedia&parent=196"}],"curies":[{"name":"wp","href":"https:\/\/api.w.org\/{rel}","templated":true}]}}